{"id":11,"date":"2017-11-11T16:00:50","date_gmt":"2017-11-11T16:00:50","guid":{"rendered":"https:\/\/lumbardo.wordpress.com\/?page_id=6"},"modified":"2026-01-05T16:05:17","modified_gmt":"2026-01-05T14:05:17","slug":"home","status":"publish","type":"page","link":"https:\/\/alakeiteleenpursiseura.fi\/akps_wp\/","title":{"rendered":"Tervetuloa AKPS kotisivuille"},"content":{"rendered":"\n<p>Yhdistys on perustettu 21.9.1979 ja sen tarkoituksena on toimia j\u00e4sentens\u00e4 veneilyn, veneurheilun, vene- ja vesist\u00f6tuntemuksen sek\u00e4 vesill\u00e4 liikkumisen tietojen ja taitojen kehitt\u00e4miseksi ja edist\u00e4miseksi. Kehitt\u00e4\u00e4 veneilyturvallisuutta sek\u00e4 edist\u00e4\u00e4 vesist\u00f6jen suojelua.<\/p>\n\n\n\n<figure class=\"wp-block-image\"><img loading=\"lazy\" decoding=\"async\" width=\"1000\" height=\"348\" src=\"https:\/\/alakeiteleenpursiseura.fi\/akps_wp\/wp-content\/uploads\/2019\/01\/AKPS40v.png\" alt=\"\" class=\"wp-image-791\" srcset=\"https:\/\/alakeiteleenpursiseura.fi\/akps_wp\/wp-content\/uploads\/2019\/01\/AKPS40v.png 1000w, https:\/\/alakeiteleenpursiseura.fi\/akps_wp\/wp-content\/uploads\/2019\/01\/AKPS40v-300x104.png 300w, https:\/\/alakeiteleenpursiseura.fi\/akps_wp\/wp-content\/uploads\/2019\/01\/AKPS40v-768x267.png 768w\" sizes=\"auto, (max-width: 1000px) 100vw, 1000px\" \/><\/figure>\n\n\n\n<p><\/p>\n\n\n\n<p><\/p>\n","protected":false},"excerpt":{"rendered":"<p>Yhdistys on perustettu 21.9.1979 ja sen tarkoituksena on toimia j\u00e4sentens\u00e4 veneilyn, veneurheilun, vene- ja vesist\u00f6tuntemuksen sek\u00e4 vesill\u00e4 liikkumisen tietojen ja taitojen kehitt\u00e4miseksi ja edist\u00e4miseksi. Kehitt\u00e4\u00e4 veneilyturvallisuutta sek\u00e4 edist\u00e4\u00e4 vesist\u00f6jen suojelua.<\/p>\n","protected":false},"author":1,"featured_media":0,"parent":0,"menu_order":1,"comment_status":"closed","ping_status":"closed","template":"","meta":{"footnotes":""},"class_list":["post-11","page","type-page","status-publish"],"_links":{"self":[{"href":"https:\/\/alakeiteleenpursiseura.fi\/akps_wp\/wp-json\/wp\/v2\/pages\/11","targetHints":{"allow":["GET"]}}],"collection":[{"href":"https:\/\/alakeiteleenpursiseura.fi\/akps_wp\/wp-json\/wp\/v2\/pages"}],"about":[{"href":"https:\/\/alakeiteleenpursiseura.fi\/akps_wp\/wp-json\/wp\/v2\/types\/page"}],"author":[{"embeddable":true,"href":"https:\/\/alakeiteleenpursiseura.fi\/akps_wp\/wp-json\/wp\/v2\/users\/1"}],"replies":[{"embeddable":true,"href":"https:\/\/alakeiteleenpursiseura.fi\/akps_wp\/wp-json\/wp\/v2\/comments?post=11"}],"version-history":[{"count":55,"href":"https:\/\/alakeiteleenpursiseura.fi\/akps_wp\/wp-json\/wp\/v2\/pages\/11\/revisions"}],"predecessor-version":[{"id":1560,"href":"https:\/\/alakeiteleenpursiseura.fi\/akps_wp\/wp-json\/wp\/v2\/pages\/11\/revisions\/1560"}],"wp:attachment":[{"href":"https:\/\/alakeiteleenpursiseura.fi\/akps_wp\/wp-json\/wp\/v2\/media?parent=11"}],"curies":[{"name":"wp","href":"https:\/\/api.w.org\/{rel}","templated":true}]}}