{"id":1231,"date":"2023-02-25T15:04:59","date_gmt":"2023-02-25T13:04:59","guid":{"rendered":"https:\/\/alakeiteleenpursiseura.fi\/akps_wp\/?page_id=1231"},"modified":"2026-04-18T23:09:04","modified_gmt":"2026-04-18T20:09:04","slug":"keitele-regatta-2023","status":"publish","type":"page","link":"https:\/\/alakeiteleenpursiseura.fi\/akps_wp\/keitele-regatta-2023\/","title":{"rendered":"KEITELE REGATTA 2026 4.-5.7.2026"},"content":{"rendered":"\n<p><\/p>\n\n\n\n<p><strong>J\u00e4rjest\u00e4j\u00e4<\/strong><\/p>\n\n\n\n<p>Ala-Keiteleen Pursiseura (AKPS ry.)<\/p>\n\n\n\n<p><strong>Ajankohta ja paikka<\/strong><\/p>\n\n\n\n<p>Lauantai 4.7.2026 ja sunnuntai 5.7.2026.&nbsp; L\u00e4ht\u00f6 on lauantaina klo 10.00 Mustaniemen satamasta \u00c4\u00e4nekoskelta ja maali on sunnuntaina samalla alueella.<\/p>\n\n\n\n<p><strong>S\u00e4\u00e4nn\u00f6t<\/strong><\/p>\n\n\n\n<p>Kilpailussa noudatetaan voimassa olevia kilpapurjehduss\u00e4\u00e4nt\u00f6j\u00e4.<\/p>\n\n\n\n<p><strong>Luokat<\/strong><\/p>\n\n\n\n<p>K\u00f6liveneet ja kevytveneet.\u00a0 Kilpailussa k\u00e4ytet\u00e4\u00e4n venetyyppien kesken perinteisi\u00e4 Keitele Regatan tasoituskertoimia. Luokat osallistuvat KEITELEEN NOPEIN kisaan, jossa nelj\u00e4n osakilpailun yhteenlaskettu todellinen purjehdusaika ratkaisee voittajan.<\/p>\n\n\n\n<p><strong>Keiteleen nopein palkinto<\/strong><\/p>\n\n\n\n<p>Keiteleen nopein palkinto 500 \u20ac jaetaan venekunnalle, joka on ollut kolme kertaa Keitele Regatan nopein. Vuoden 2022 kiinnitys H-vene For Sail Vesa Karhusaari, vuoden 2023 kiinnitys Lightning vene Nikea Samppa J Salminen, 2024 Burgundy III Sakari Pesola, 2025 Burgundy III Sakari Pesola.<\/p>\n\n\n\n<p><strong>Ohjelma ja rata<\/strong><\/p>\n\n\n\n<p>Kilpailussa on nelj\u00e4 osakilpailua, joista 1., 2. ja 3. purjehditaan lauantaina ja 4. sunnuntaina.<\/p>\n\n\n\n<p>Ensimm\u00e4inen osakilpailu \u00c4\u00e4nekoski &#8211; Sittosalmi noin 7,3 NM. Toinen osakilpailu Sittosaari &#8211; Matilanvirta noin 3 NM. Veneet voivat kiinnitty\u00e4 sillan etel\u00e4puolelle. Matilanvirralla ruokailutauko.<\/p>\n\n\n\n<p>Kolmas osakilpailu Matilanvirta-Lapinniemi noin 6 NM. Pursiseuran tukikohdassa y\u00f6pyminen, jossa laiturit, ruokailu, sauna, grillikota, kes\u00e4keitti\u00f6 ja iltaohjelmaa.<\/p>\n\n\n\n<p>Kolmas osakilpailu Lapinniemi- \u00c4\u00e4nekoski noin 8 NM. Palkintojen jako on v\u00e4litt\u00f6m\u00e4sti kisan j\u00e4lkeen.<\/p>\n\n\n\n<p><strong>Huolto ja ruokailut<\/strong><\/p>\n\n\n\n<p>Kevytveneiden retki- ja y\u00f6pymisvarusteiden kuljetuksen hoitaa AKPS tukiveneill\u00e4.<\/p>\n\n\n\n<p>Lauantaina on tarjolla aamupala Mustaniemen satamassa, huom. varaa ja maksa ilmoittautumisen yhteydess\u00e4.<\/p>\n\n\n\n<p>Matilanvirralla on tarjolla jauhelihakeitto, huom. varaa ja maksa ilmoittautumisen yhteydess\u00e4.<\/p>\n\n\n\n<p>Lapinniemess\u00e4 tarjolla iltaruoka pyttipannu, huom. varaa ja maksa ilmoittautumisen yhteydess\u00e4.<\/p>\n\n\n\n<p>Sunnuntaina tarjolla aamupala Lapinniemess\u00e4, huom. varaa ja maksa ilmoittautumisen yhteydess\u00e4.<\/p>\n\n\n\n<p>Y\u00f6pyminen Lapinniemess\u00e4 perjantaina 3.7.2026 onnistuu.<\/p>\n\n\n\n<p>K\u00e4yt\u00f6ss\u00e4 sauna ja muut tukikohdan palvelut.<\/p>\n\n\n\n<p><strong>Ilmoittautuminen<\/strong><\/p>\n\n\n\n<ul class=\"wp-block-list\">\n<li>Kisaan voi ilmoittautua netiss\u00e4 seuran sivuilla alakeiteleenpursiseura.fi:<\/li>\n\n\n\n<li>Ilmoittautumismaksu on 95 \u20ac\/vene. Huom. varaa ja maksa my\u00f6s haluamasi ruuat.<\/li>\n\n\n\n<li>Ilmoittautuminen ja maksut tulee olla suoritettu 22.6. menness\u00e4.<\/li>\n\n\n\n<li>J\u00e4lki-ilmoittautumismaksu on 120\u20ac\/vene ja maksun voi suorittaa tilille tai k\u00e4teisell\u00e4 kisa-aamuna.<\/li>\n\n\n\n<li>Suoritus tehd\u00e4\u00e4n pankkisiirtona tilille: <strong>FI72 5543 0120 0236 95 BIC OKOYFIHH, VIESTI: REGATTA2026 + kipparin nimi.<\/strong><\/li>\n\n\n\n<li>Kilpailun j\u00e4rjest\u00e4misen edellytyksen\u00e4 on, ett\u00e4 v\u00e4hint\u00e4\u00e4n 10 venekuntaa on ilmoittautunut 22.6 menness\u00e4.<\/li>\n<\/ul>\n\n\n\n<p>TERVETULOA!<\/p>\n\n\n\n<p>Purjehdusterveisin&nbsp;&nbsp;&nbsp;&nbsp;&nbsp;&nbsp;&nbsp;&nbsp;&nbsp;&nbsp;&nbsp;&nbsp;&nbsp;&nbsp;&nbsp;&nbsp;&nbsp;&nbsp;&nbsp;&nbsp;<\/p>\n\n\n\n<p>Ala-Keiteleen Pursiseura ry.<\/p>\n\n\n\n<p>Ilmoittaudu <a href=\"https:\/\/alakeiteleenpursiseura.fi\/akps_wp\/regatta-ilmo\/\">t\u00e4\u00e4lt\u00e4!<\/a><\/p>\n\n\n\n<p><strong>REITTI LAPINNIEMEEN MAITSE<\/strong><\/p>\n\n\n\n<p>Ajele Konginkankaalta tiet\u00e4 637 kohti Matilanvirtaa pikkup\u00e4tk\u00e4 ja k\u00e4\u00e4nny Lapinniementielle. Aja tie melkein p\u00e4\u00e4h\u00e4n asti. Pitk\u00e4n suoran j\u00e4lkeen oikealle k\u00e4\u00e4ntyy tie, jonka oikealla puolella on r\u00e4nsistynyt saunam\u00f6kki. Aja tien p\u00e4\u00e4h\u00e4n rantaan asti, jossa on k\u00e4\u00e4nt\u00f6paikka, johon voi j\u00e4tt\u00e4\u00e4 auton. Polku seuran tukikohtaan l\u00e4htee palaamalla tiet\u00e4 k\u00e4vellen kunnes oikealla n\u00e4kyy polku ja pitkospuut. K\u00e4vele polkua varovasti n. 150m, kunnes tulet puuliitereille ja saunalle. T\u00e4lt\u00e4 kohtaa l\u00f6yd\u00e4t varmasti jo perille. Tilaa on parille asuntoautolle tai vaunulle. <\/p>\n\n\n\n<iframe src=\"https:\/\/www.google.com\/maps\/embed?pb=!1m26!1m12!1m3!1d33462.8176230455!2d25.834581460968074!3d62.744722798867!2m3!1f0!2f0!3f0!3m2!1i1024!2i768!4f13.1!4m11!3e1!4m5!1s0x46844d87f8f2b1e3%3A0x4eabfffc2570fcdf!2sKonginkangas%2C%2044400!3m2!1d62.779063099999995!2d25.8062087!4m3!3m2!1d62.713784999999994!2d25.866757699999997!5e1!3m2!1sfi!2sfi!4v1686153730756!5m2!1sfi!2sfi\" width=\"800\" height=\"600\" style=\"border:0;\" allowfullscreen=\"\" loading=\"lazy\" referrerpolicy=\"no-referrer-when-downgrade\"><\/iframe>\n","protected":false},"excerpt":{"rendered":"<p>J\u00e4rjest\u00e4j\u00e4 Ala-Keiteleen Pursiseura (AKPS ry.) Ajankohta ja paikka Lauantai 4.7.2026 ja sunnuntai 5.7.2026.&nbsp; L\u00e4ht\u00f6 on lauantaina klo 10.00 Mustaniemen satamasta \u00c4\u00e4nekoskelta ja maali on sunnuntaina samalla alueella. S\u00e4\u00e4nn\u00f6t Kilpailussa noudatetaan voimassa olevia kilpapurjehduss\u00e4\u00e4nt\u00f6j\u00e4. Luokat K\u00f6liveneet ja kevytveneet.\u00a0 Kilpailussa k\u00e4ytet\u00e4\u00e4n venetyyppien kesken perinteisi\u00e4 Keitele Regatan tasoituskertoimia. Luokat osallistuvat KEITELEEN NOPEIN kisaan, jossa nelj\u00e4n osakilpailun yhteenlaskettu todellinen &#8230; <a title=\"KEITELE REGATTA 2026 4.-5.7.2026\" class=\"read-more\" href=\"https:\/\/alakeiteleenpursiseura.fi\/akps_wp\/keitele-regatta-2023\/\" aria-label=\"Lue lis\u00e4\u00e4 aiheesta KEITELE REGATTA 2026 4.-5.7.2026\">Lue lis\u00e4\u00e4<\/a><\/p>\n","protected":false},"author":1,"featured_media":0,"parent":0,"menu_order":0,"comment_status":"closed","ping_status":"closed","template":"","meta":{"footnotes":""},"class_list":["post-1231","page","type-page","status-publish"],"_links":{"self":[{"href":"https:\/\/alakeiteleenpursiseura.fi\/akps_wp\/wp-json\/wp\/v2\/pages\/1231","targetHints":{"allow":["GET"]}}],"collection":[{"href":"https:\/\/alakeiteleenpursiseura.fi\/akps_wp\/wp-json\/wp\/v2\/pages"}],"about":[{"href":"https:\/\/alakeiteleenpursiseura.fi\/akps_wp\/wp-json\/wp\/v2\/types\/page"}],"author":[{"embeddable":true,"href":"https:\/\/alakeiteleenpursiseura.fi\/akps_wp\/wp-json\/wp\/v2\/users\/1"}],"replies":[{"embeddable":true,"href":"https:\/\/alakeiteleenpursiseura.fi\/akps_wp\/wp-json\/wp\/v2\/comments?post=1231"}],"version-history":[{"count":22,"href":"https:\/\/alakeiteleenpursiseura.fi\/akps_wp\/wp-json\/wp\/v2\/pages\/1231\/revisions"}],"predecessor-version":[{"id":1605,"href":"https:\/\/alakeiteleenpursiseura.fi\/akps_wp\/wp-json\/wp\/v2\/pages\/1231\/revisions\/1605"}],"wp:attachment":[{"href":"https:\/\/alakeiteleenpursiseura.fi\/akps_wp\/wp-json\/wp\/v2\/media?parent=1231"}],"curies":[{"name":"wp","href":"https:\/\/api.w.org\/{rel}","templated":true}]}}