{"id":131,"date":"2017-11-11T18:14:22","date_gmt":"2017-11-11T18:14:22","guid":{"rendered":"https:\/\/lumbardo.wordpress.com\/?page_id=131"},"modified":"2026-04-09T12:29:53","modified_gmt":"2026-04-09T09:29:53","slug":"yhteystiedot","status":"publish","type":"page","link":"https:\/\/alakeiteleenpursiseura.fi\/akps_wp\/yhteystiedot\/","title":{"rendered":"Yhteystiedot"},"content":{"rendered":"<p>Ala-Keiteleen Pursiseura Ry<br \/>\n<strong>Y-tunnus 0663683-5<\/strong><\/p>\n<hr \/>\n<p><strong>Kommodori<\/strong><\/p>\n<p>Petteri Laahanen<\/p>\n<p>0442730773<\/p>\n<hr \/>\n<p><strong>Sihteeri<\/strong><\/p>\n<p>Jani Lumiaro<br \/>\n045 633 2792<br \/>\nsihteeri(at)alakeiteleenpursiseura.fi<\/p>\n<hr \/>\n<p><strong>J\u00e4senrekisterinhoitaja<\/strong><\/p>\n<p>Jani Lumiaro<br \/>\nTellervonkatu 8 C 27 40100 Jyv\u00e4skyl\u00e4<br \/>\n045 633 2792<br \/>\nsihteeri(at)alakeiteleenpursiseura.fi<\/p>\n<hr \/>\n<p><strong>Katsastusp\u00e4\u00e4llikk\u00f6<br \/>\n<\/strong>Tommi S\u00e4rkk\u00e4<\/p>\n<p>040 557 0716<\/p>\n<p><strong>Katsastajat<\/strong><\/p>\n<p>Marko Parviainen<\/p>\n<p>040 054 8335<\/p>\n<p>Marko Karttunen<\/p>\n<p>0407474289<\/p>\n<p>Markus Lehmonen<\/p>\n<p>050 523 4664<\/p>\n<p>Aki Rantanen<\/p>\n<hr \/>\n<p><strong>Seuran tilinumero<\/strong><\/p>\n<p>FI72 5543 0120 0236 95<\/p>\n","protected":false},"excerpt":{"rendered":"<p>Ala-Keiteleen Pursiseura Ry Y-tunnus 0663683-5 Kommodori Petteri Laahanen 0442730773 Sihteeri Jani Lumiaro 045 633 2792 sihteeri(at)alakeiteleenpursiseura.fi J\u00e4senrekisterinhoitaja Jani Lumiaro Tellervonkatu 8 C 27 40100 Jyv\u00e4skyl\u00e4 045 633 2792 sihteeri(at)alakeiteleenpursiseura.fi Katsastusp\u00e4\u00e4llikk\u00f6 Tommi S\u00e4rkk\u00e4 040 557 0716 Katsastajat Marko Parviainen 040 054 8335 Marko Karttunen 0407474289 Markus Lehmonen 050 523 4664 Aki Rantanen Seuran tilinumero FI72 5543 &#8230; <a title=\"Yhteystiedot\" class=\"read-more\" href=\"https:\/\/alakeiteleenpursiseura.fi\/akps_wp\/yhteystiedot\/\" aria-label=\"Lue lis\u00e4\u00e4 aiheesta Yhteystiedot\">Lue lis\u00e4\u00e4<\/a><\/p>\n","protected":false},"author":1,"featured_media":0,"parent":0,"menu_order":0,"comment_status":"closed","ping_status":"closed","template":"","meta":{"footnotes":""},"class_list":["post-131","page","type-page","status-publish"],"_links":{"self":[{"href":"https:\/\/alakeiteleenpursiseura.fi\/akps_wp\/wp-json\/wp\/v2\/pages\/131","targetHints":{"allow":["GET"]}}],"collection":[{"href":"https:\/\/alakeiteleenpursiseura.fi\/akps_wp\/wp-json\/wp\/v2\/pages"}],"about":[{"href":"https:\/\/alakeiteleenpursiseura.fi\/akps_wp\/wp-json\/wp\/v2\/types\/page"}],"author":[{"embeddable":true,"href":"https:\/\/alakeiteleenpursiseura.fi\/akps_wp\/wp-json\/wp\/v2\/users\/1"}],"replies":[{"embeddable":true,"href":"https:\/\/alakeiteleenpursiseura.fi\/akps_wp\/wp-json\/wp\/v2\/comments?post=131"}],"version-history":[{"count":12,"href":"https:\/\/alakeiteleenpursiseura.fi\/akps_wp\/wp-json\/wp\/v2\/pages\/131\/revisions"}],"predecessor-version":[{"id":1600,"href":"https:\/\/alakeiteleenpursiseura.fi\/akps_wp\/wp-json\/wp\/v2\/pages\/131\/revisions\/1600"}],"wp:attachment":[{"href":"https:\/\/alakeiteleenpursiseura.fi\/akps_wp\/wp-json\/wp\/v2\/media?parent=131"}],"curies":[{"name":"wp","href":"https:\/\/api.w.org\/{rel}","templated":true}]}}