{"id":183,"date":"2017-11-11T20:20:13","date_gmt":"2017-11-11T20:20:13","guid":{"rendered":"https:\/\/lumbardo.wordpress.com\/?page_id=183"},"modified":"2026-04-09T12:19:23","modified_gmt":"2026-04-09T09:19:23","slug":"toimikunnat","status":"publish","type":"page","link":"https:\/\/alakeiteleenpursiseura.fi\/akps_wp\/toimikunnat\/","title":{"rendered":"Toimikunnat"},"content":{"rendered":"<h2>Katsastusjaosto<\/h2>\n<p><strong>Katsastusp\u00e4\u00e4llikk\u00f6<br \/>\n<\/strong>Tommi S\u00e4rkk\u00e4<\/p>\n<p><a href=\"tel:040 557 0716\">040 557 0716<\/a><\/p>\n<p><strong>Katsastajat<\/strong><\/p>\n<p>Marko Parviainen<\/p>\n<p><a href=\"tel:040 054 8335\">040 054 8335<\/a><\/p>\n<p>Marko Karttunen<\/p>\n<p><a href=\"tel:044 0224896\">0407474289<\/a><\/p>\n<p>Markus Lehmonen<\/p>\n<p><a href=\"tel:050 523 4664\">050 523 4664<\/a><\/p>\n<p>Aki Rantanen<\/p>\n<hr \/>\n<h2>Tuomarijaosto<\/h2>\n<p><strong>Puheenjohtaja<\/strong><br \/>\nRaimo Sironen<br \/>\n040 539 8820<\/p>\n<p>Timo Niskanen<br \/>\n040 548 4940<\/p>\n<hr \/>\n<h2>Purjehdusjaosto<\/h2>\n<p><strong>Puheenjohtaja<\/strong><\/p>\n<p>Timo Niskanen<br \/>\n040 548 4940<\/p>\n<p>Markus Lehmonen<\/p>\n<hr \/>\n<h2>Talkoovastaava<\/h2>\n<p>Hallitus<\/p>\n","protected":false},"excerpt":{"rendered":"<p>Katsastusjaosto Katsastusp\u00e4\u00e4llikk\u00f6 Tommi S\u00e4rkk\u00e4 040 557 0716 Katsastajat Marko Parviainen 040 054 8335 Marko Karttunen 0407474289 Markus Lehmonen 050 523 4664 Aki Rantanen Tuomarijaosto Puheenjohtaja Raimo Sironen 040 539 8820 Timo Niskanen 040 548 4940 Purjehdusjaosto Puheenjohtaja Timo Niskanen 040 548 4940 Markus Lehmonen Talkoovastaava Hallitus<\/p>\n","protected":false},"author":1,"featured_media":0,"parent":0,"menu_order":0,"comment_status":"closed","ping_status":"closed","template":"","meta":{"footnotes":""},"class_list":["post-183","page","type-page","status-publish"],"_links":{"self":[{"href":"https:\/\/alakeiteleenpursiseura.fi\/akps_wp\/wp-json\/wp\/v2\/pages\/183","targetHints":{"allow":["GET"]}}],"collection":[{"href":"https:\/\/alakeiteleenpursiseura.fi\/akps_wp\/wp-json\/wp\/v2\/pages"}],"about":[{"href":"https:\/\/alakeiteleenpursiseura.fi\/akps_wp\/wp-json\/wp\/v2\/types\/page"}],"author":[{"embeddable":true,"href":"https:\/\/alakeiteleenpursiseura.fi\/akps_wp\/wp-json\/wp\/v2\/users\/1"}],"replies":[{"embeddable":true,"href":"https:\/\/alakeiteleenpursiseura.fi\/akps_wp\/wp-json\/wp\/v2\/comments?post=183"}],"version-history":[{"count":7,"href":"https:\/\/alakeiteleenpursiseura.fi\/akps_wp\/wp-json\/wp\/v2\/pages\/183\/revisions"}],"predecessor-version":[{"id":1597,"href":"https:\/\/alakeiteleenpursiseura.fi\/akps_wp\/wp-json\/wp\/v2\/pages\/183\/revisions\/1597"}],"wp:attachment":[{"href":"https:\/\/alakeiteleenpursiseura.fi\/akps_wp\/wp-json\/wp\/v2\/media?parent=183"}],"curies":[{"name":"wp","href":"https:\/\/api.w.org\/{rel}","templated":true}]}}