{"id":194,"date":"2017-11-11T20:37:21","date_gmt":"2017-11-11T20:37:21","guid":{"rendered":"https:\/\/lumbardo.wordpress.com\/?page_id=194"},"modified":"2026-01-05T17:50:49","modified_gmt":"2026-01-05T15:50:49","slug":"jaseneksi","status":"publish","type":"page","link":"https:\/\/alakeiteleenpursiseura.fi\/akps_wp\/jaseneksi\/","title":{"rendered":"J\u00e4seneksi ja j\u00e4senmaksut"},"content":{"rendered":"<h1>Ala-Keiteleen Pursiseura ry<\/h1>\n<p class=\"p2\"><span class=\"s1\"><span class=\"Apple-converted-space\">\u00a0<\/span><\/span>Pursiseuran j\u00e4sen ja muut maksut (suluissa vuoden 2026 hinta):<span class=\"Apple-converted-space\">\u00a0<\/span><\/p>\n<p class=\"p2\">Liittymismaksu (50\u20ac) &#8211; varsinainen j\u00e4sen maksaa kertamaksuna.<span class=\"Apple-converted-space\">\u00a0<\/span><\/p>\n<p class=\"p2\">Varsinainen j\u00e4sen (45\u20ac) &#8211; maksetaan vuosittain<span class=\"Apple-converted-space\">\u00a0<\/span><\/p>\n<p class=\"p2\">Perheen j\u00e4sen (30\u20ac) &#8211; maksetaan vuosittain<span class=\"Apple-converted-space\">\u00a0<\/span><\/p>\n<p class=\"p2\">Juniorij\u00e4sen (10\u20ac) &#8211; maksetaan vuosittain<span class=\"Apple-converted-space\">\u00a0<\/span><\/p>\n<p class=\"p2\">Majojen k\u00e4ytt\u00f6maksu (35\u20ac) &#8211; varsinainen j\u00e4sen maksaa vuosittain<span class=\"Apple-converted-space\">\u00a0<\/span><\/p>\n<p class=\"p2\">Avaimen lunastusmaksu (35\u20ac) &#8211; kertamaksu jota ei palauteta avainta palautettaessa. Majamaksun maksaja lunastaa aina avaimen.<span class=\"Apple-converted-space\">\u00a0<\/span><\/p>\n<p class=\"p2\">Vierasmaksu (15\u20ac) &#8211; kertamaksu vuorokausittain.<span class=\"Apple-converted-space\">\u00a0<\/span><\/p>\n<p class=\"p2\">Seuran kunniapuheenjohtaja ja kunniaj\u00e4senet eiv\u00e4t ole velvoitettuja maksamaan j\u00e4senmaksua.<span class=\"Apple-converted-space\">\u00a0<\/span><\/p>\n<p class=\"p2\">Varsinainen j\u00e4sen joka maksaa <b>j\u00e4senmaksun <\/b>sek\u00e4 <b>majojen k\u00e4ytt\u00f6maksun<\/b>, on perheineen oikeutettu:<span class=\"Apple-converted-space\">\u00a0<\/span><\/p>\n<p class=\"p2\">&#8211; K\u00e4ytt\u00e4m\u00e4\u00e4n majoja, saunaa ja pursiseuran tarjoamia tarvikkeita tukikohdassa.<span class=\"Apple-converted-space\">\u00a0<\/span><\/p>\n<p class=\"p2\">J\u00e4sen joka maksaa pelk\u00e4st\u00e4\u00e4n <b>j\u00e4senmaksun<\/b>, on perheineen oikeutettu:<span class=\"Apple-converted-space\">\u00a0<\/span><\/p>\n<p class=\"p2\">&#8211; Vierailemaan tukikohdassa. J\u00e4senen venekunta maksaa <b>vierasmaksun, <\/b>jos y\u00f6pyy tai k\u00e4ytt\u00e4\u00e4 saunaa.<span class=\"Apple-converted-space\">\u00a0<\/span><\/p>\n<p class=\"p2\">Muun pursiseuran lipun alla oleva vene on oikeutettu:<span class=\"Apple-converted-space\">\u00a0<\/span><\/p>\n<p class=\"p2\">&#8211; Vierailemaan tukikohdassa. Venekunta maksaa <b>vierasmaksun, <\/b>jos y\u00f6pyy tukikohdassa tai k\u00e4ytt\u00e4\u00e4 saunaa.<span class=\"Apple-converted-space\">\u00a0<\/span><\/p>\n<p class=\"p2\">Maksut vahvistetaan vuosittain pursiseuran vuosikokouksessa. Maja- ja vierasmaksuilla katetaan tukikohtien yll\u00e4pitoa<span class=\"Apple-converted-space\">\u00a0<\/span><\/p>\n<p><a href=\"https:\/\/alakeiteleenpursiseura.fi\/akps_wp\/contact\/\">Liity t\u00e4st\u00e4!<\/a><\/p>\n<hr \/>\n<p>J\u00e4senrekisterinhoitaja Jani Lumiaro<br \/>\nTellervonkatu 8C27 40100 Jyv\u00e4skyl\u00e4<\/p>\n<p>Puh. 0456332792<br \/>\nsihteeri(at)alakeiteleenpursiseura.fi<\/p>\n","protected":false},"excerpt":{"rendered":"<p>Ala-Keiteleen Pursiseura ry \u00a0Pursiseuran j\u00e4sen ja muut maksut (suluissa vuoden 2026 hinta):\u00a0 Liittymismaksu (50\u20ac) &#8211; varsinainen j\u00e4sen maksaa kertamaksuna.\u00a0 Varsinainen j\u00e4sen (45\u20ac) &#8211; maksetaan vuosittain\u00a0 Perheen j\u00e4sen (30\u20ac) &#8211; maksetaan vuosittain\u00a0 Juniorij\u00e4sen (10\u20ac) &#8211; maksetaan vuosittain\u00a0 Majojen k\u00e4ytt\u00f6maksu (35\u20ac) &#8211; varsinainen j\u00e4sen maksaa vuosittain\u00a0 Avaimen lunastusmaksu (35\u20ac) &#8211; kertamaksu jota ei palauteta avainta palautettaessa. Majamaksun &#8230; <a title=\"J\u00e4seneksi ja j\u00e4senmaksut\" class=\"read-more\" href=\"https:\/\/alakeiteleenpursiseura.fi\/akps_wp\/jaseneksi\/\" aria-label=\"Lue lis\u00e4\u00e4 aiheesta J\u00e4seneksi ja j\u00e4senmaksut\">Lue lis\u00e4\u00e4<\/a><\/p>\n","protected":false},"author":1,"featured_media":0,"parent":0,"menu_order":0,"comment_status":"closed","ping_status":"closed","template":"","meta":{"footnotes":""},"class_list":["post-194","page","type-page","status-publish"],"_links":{"self":[{"href":"https:\/\/alakeiteleenpursiseura.fi\/akps_wp\/wp-json\/wp\/v2\/pages\/194","targetHints":{"allow":["GET"]}}],"collection":[{"href":"https:\/\/alakeiteleenpursiseura.fi\/akps_wp\/wp-json\/wp\/v2\/pages"}],"about":[{"href":"https:\/\/alakeiteleenpursiseura.fi\/akps_wp\/wp-json\/wp\/v2\/types\/page"}],"author":[{"embeddable":true,"href":"https:\/\/alakeiteleenpursiseura.fi\/akps_wp\/wp-json\/wp\/v2\/users\/1"}],"replies":[{"embeddable":true,"href":"https:\/\/alakeiteleenpursiseura.fi\/akps_wp\/wp-json\/wp\/v2\/comments?post=194"}],"version-history":[{"count":7,"href":"https:\/\/alakeiteleenpursiseura.fi\/akps_wp\/wp-json\/wp\/v2\/pages\/194\/revisions"}],"predecessor-version":[{"id":1567,"href":"https:\/\/alakeiteleenpursiseura.fi\/akps_wp\/wp-json\/wp\/v2\/pages\/194\/revisions\/1567"}],"wp:attachment":[{"href":"https:\/\/alakeiteleenpursiseura.fi\/akps_wp\/wp-json\/wp\/v2\/media?parent=194"}],"curies":[{"name":"wp","href":"https:\/\/api.w.org\/{rel}","templated":true}]}}