{"id":203,"date":"2017-11-11T20:55:17","date_gmt":"2017-11-11T20:55:17","guid":{"rendered":"https:\/\/lumbardo.wordpress.com\/?page_id=203"},"modified":"2026-01-05T18:14:11","modified_gmt":"2026-01-05T16:14:11","slug":"seuran-saannot","status":"publish","type":"page","link":"https:\/\/alakeiteleenpursiseura.fi\/akps_wp\/seuran-saannot\/","title":{"rendered":"Seuran s\u00e4\u00e4nn\u00f6t"},"content":{"rendered":"<div class=\"page\" title=\"Page 1\">\n<div class=\"layoutArea\">\n<div class=\"column\">\n<h2>Ala-Keiteleen Pursiseura Ry:n s\u00e4\u00e4nn\u00f6t<\/h2>\n<\/div>\n<\/div>\n<div class=\"layoutArea\">\n<div class=\"column\">\n<h3>1. NIMI JA KOTIPAIKKA<\/h3>\n<p>Yhdistyksen nimi on Ala-Keiteleen Pursiseura Ry (ep\u00e4virallisena lyhenteen\u00e4 AKPS) ja kotipaikka \u00c4\u00e4nekosken kaupunki.<\/p>\n<h3>2. TARKOITUS JA TOIMINTAMUODOT<\/h3>\n<p>Yhdistys on perustettu 21.9.1979 ja sen tarkoituksena on toimia j\u00e4sentens\u00e4 veneilyn, veneurheilun, vene- ja vesist\u00f6tuntemuksen sek\u00e4 vesill\u00e4 liikkumisen tietojen ja taitojen kehitt\u00e4miseksi ja edist\u00e4miseksi. Kehitt\u00e4\u00e4 veneilyturvallisuutta sek\u00e4 edist\u00e4\u00e4 vesist\u00f6jen suojelua. Tarkoituksensa toteuttamiseksi yhdistys<\/p>\n<ul>\n<li>toimeenpanee koulutustilaisuuksia ja ohjaa j\u00e4seni\u00e4\u00e4n niihin<\/li>\n<li>j\u00e4rjest\u00e4\u00e4 tarkoituksiaan palvelevien veneilytaitojen harjoitus- ja kilpailutilaisuuksia<\/li>\n<li>pit\u00e4\u00e4 rekisteri\u00e4 j\u00e4senist\u00e4\u00e4n ja j\u00e4senten katsastetuista veneist\u00e4<\/li>\n<li>toimii tarpeellisessa laajuudessa yhteisty\u00f6ss\u00e4 viranomaisten ja muiden veneilyj\u00e4rjest\u00f6jen\u00a0kanssa antaa harkintansa mukaan toimintaansa liittyvi\u00e4 lausuntoja sellaisia pyydett\u00e4ess\u00e4<\/li>\n<\/ul>\n<p>Toimintansa tukemiseksi yhdistys voi omistaa toimintansa kannalta tarpeellista kiinte\u00e4t\u00e4 ja irtainta omaisuutta, perustaa rahastoja sek\u00e4 toimeenpanna rahanker\u00e4yksi\u00e4 ja arpajaisia, hankittuaan asianomaisen luvan. Yhdistys voi ottaa vastaan lahjoituksia, avustuksia ja testamentteja sek\u00e4 harjoittaa yhdistyslain 5 \u00a7:n mukaista taloudellista.<\/p>\n<h3>3. J\u00c4SENET<\/h3>\n<p>Yhdistyksen varsinaiseksi j\u00e4seneksi voi yhdistyksen hallitus, sille osoitetusta kirjallisesta hakemuksesta, hyv\u00e4ksy\u00e4 v\u00e4hint\u00e4\u00e4n 18-vuotiaan henkil\u00f6n, nuorisoj\u00e4seneksi alle 18-vuotiaan henkil\u00f6n, perheenj\u00e4seneksi henkil\u00f6n, joka asuu samassa taloudessa varsinaisen j\u00e4senen kanssa sek\u00e4 yhteis\u00f6j\u00e4seneksi toimintaansa ja tarkoituksiinsa soveltuvan oikeuskelpoisen yhteis\u00f6n. J\u00e4senyys astuu voimaan, kun hallitus on hyv\u00e4ksynyt j\u00e4senen ja hakija on suorittanut yhdistykselle liittymismaksun ja ensimm\u00e4isen vuosimaksun s\u00e4\u00e4detyn ajan kuluessa. J\u00e4senell\u00e4 on oikeus erota yhdistyksest\u00e4 ilmoittamalla siit\u00e4 kirjallisesti yhdistyksen hallitukselle tai sen puheenjohtajalle tai ilmoittamalla eroamisesta yhdityksen kokouksen p\u00f6yt\u00e4kirjaan. J\u00e4senen katsotaan eronneeksi yhdistyksest\u00e4, jos j\u00e4sen on j\u00e4tt\u00e4nyt maksamattta j\u00e4senmaksunsa yli yhden kuukauden ajan maksun er\u00e4p\u00e4iv\u00e4st\u00e4. J\u00e4senen erottamisesta p\u00e4\u00e4tt\u00e4\u00e4 yhdistyslain mukaisesti hallitus, jonka on ennen erottamista varattava asianomaiselle j\u00e4senelle tilaisuus selityksen antamiseen erottamista koskevassa asiassa, paitsi milloin erottamisen syyn\u00e4 on j\u00e4senmaksun maksamatta j\u00e4tt\u00e4minen. Hallituksen tekem\u00e4n erottamisp\u00e4\u00e4t\u00f6ksen j\u00e4lkeen on j\u00e4senell\u00e4 oikeus kuukauden kuluessa, tiedon erottamisestaan saatuaan, saattaa erottamisp\u00e4\u00e4t\u00f6s seuraavan yhdistyksen kokouksen ratkaistavaksi j\u00e4tt\u00e4m\u00e4ll\u00e4 t\u00e4t\u00e4 koskevan vaatimuksen hallitukselle. Yhdistyksen vuosikokous m\u00e4\u00e4ritt\u00e4\u00e4 kullekin j\u00e4senryhm\u00e4lle sopivaksi katsomansa liittymis-ja vuosimaksut. Perheenj\u00e4sen voi halutessaan siirty\u00e4 hallituksen suostumuksella varsinaiseksi j\u00e4seneksi ilman uutta liittymismaksua. Yhdistyksen hallitus voi yksimielisell\u00e4 p\u00e4\u00e4t\u00f6ksell\u00e4\u00e4n hyv\u00e4ksy\u00e4 kunniaj\u00e4seneksi henkil\u00f6n, joka huomattavasti ja merkitt\u00e4v\u00e4\u00e4 tunnustusta ansaitsevalla tavalla on edist\u00e4nyt yhdistyksen tarkoitusta. Kunniaj\u00e4sen ei maksa liittymis- tai vuosimaksua.<\/p>\n<h3>4. HALLITUS<\/h3>\n<p class=\"p1\">Yhdistyksen toimintaa ja talouden hoitoa johtaa hallitus, johon kuuluu yhdistyksenvuosikokouksessa valittu puheenjohtaja, jota kutsutaan kommodoriksi, varapuheenjohtaja,jota kutsutaan varakommodoriksi sek\u00e4 nelj\u00e4 &#8211; kahdeksan j\u00e4sent\u00e4. Kommodori javarakommodori valitaan yhdistyksen vuosikokouksessa kahdeksi vuodeksi kerrallaan siten,ett\u00e4 he ovat erovuorossa vuorovuosin. Hallituksen muut j\u00e4senet valitaan vuosikokouksessakahdeksi vuodeksi kerrallaan siten, ett\u00e4 puolet heist\u00e4 on vuorovuosittain erovuorossa.Kommodorin ja varakommodorin tai hallituksen j\u00e4senen toimikausi on kahdenvuosikokouksen v\u00e4linen aika. S\u00e4\u00e4nt\u00f6muutoksen rekister\u00f6innin j\u00e4lkeen valitun uudenhallituksen ensimm\u00e4isiksi erovuoroisiksi valitaan seuraavassa vuosikokouksessa pisimp\u00e4\u00e4nhallituksessa olleet ja mik\u00e4li m\u00e4\u00e4r\u00e4 ei mene tasan ratkaisee arpa. Hallitus on p\u00e4\u00e4t\u00f6svaltainenkun kommodori tai varakommodori ja v\u00e4hint\u00e4\u00e4n kolme j\u00e4sent\u00e4 on l\u00e4sn\u00e4. Asiat ratkaistaanyksinkertaisella \u00e4\u00e4nten enemmist\u00f6ll\u00e4. \u00c4\u00e4nten menness\u00e4 tasan, ratkaisee puheenjohtajanmielipide, vaaleissa kuitenkin arpa. Hallitus ottaa sihteerin, rahastonhoitajan ja muuttarvittavat toimihenkil\u00f6t joko keskuudestaan tai hallituksen ulkopuolelta. Hallituksenkokouksista pidet\u00e4\u00e4n p\u00f6yt\u00e4kirjaa, joka tarkastetaan hallituksen p\u00e4\u00e4tt\u00e4m\u00e4ll\u00e4 tavalla.<\/p>\n<\/div>\n<\/div>\n<\/div>\n<div class=\"page\" title=\"Page 2\">\n<div class=\"layoutArea\">\n<div class=\"column\">\n<h3>5. YHDISTYKSEN NIMENKIRJOITTAMINEN<\/h3>\n<p>Yhdistyksen nimen kirjoittaa kommodori tai varakommodori yksin tai 2 hallituksen j\u00e4sent\u00e4 yhdess\u00e4.<\/p>\n<h3>6. TOIMINNANTARKASTAJAT TAI TILINTARKASTAJAT<\/h3>\n<p>Yhdistyksell\u00e4 on kaksi toiminnantarkastajaa tai tilintarkastajaa ja kaksi varahenkil\u00f6\u00e4. Toiminnantarkastajat tai tilintarkastajat valitaan yhdistyksen vuosikokouksessa kalenterivuodeksi kerrallaan.<\/p>\n<h3>7. TILIKAUSI JA TILINTARKASTUS<\/h3>\n<p>Yhdistyksen tilikausi on kalenterivuosi. Tilinp\u00e4\u00e4t\u00f6s tarvittavine asiakirjoineen ja hallituksen toimintakertomus on annettava toiminnantarkastajille tai tilintarkastajille viimeist\u00e4\u00e4n kuukautta ennen yhdistyksen vuosikokousta. Toiminnantarkastajien tai tilintarkastajien tulee antaa kirjallinen lausunto hallitukselle viimeist\u00e4\u00e4n kaksi viikkoa ennen vuosikokousta.<\/p>\n<h3>8. KOKOUSTEN KOOLLEKUTSUMINEN<\/h3>\n<p>Yhdistyksen kokouksen kutsuu koolle hallitus. Kokouskutsu on toimitettava viimeist\u00e4\u00e4n kuusi p\u00e4iv\u00e4\u00e4 ennen kokousta, joko l\u00e4hett\u00e4m\u00e4ll\u00e4 kutsu postitse tai s\u00e4hk\u00f6postitse kullekin j\u00e4senelle tai julkaisemalla kutsu yhdistyksen kotipaikkakunnalla ilmestyv\u00e4ss\u00e4 sanomalehdess\u00e4.<\/p>\n<h3>9. YHDISTYKSEN KOKOUKSET<\/h3>\n<p>Yhdistyksen kokouksia ovat: Vuosikokous, joka on pidett\u00e4v\u00e4 hallituksen m\u00e4\u00e4r\u00e4\u00e4m\u00e4n\u00e4 p\u00e4iv\u00e4n\u00e4 ennen huhtikuun loppua. Ylim\u00e4\u00e4r\u00e4inen kokous, joka pidet\u00e4\u00e4n kun hallitus katsoo siihen olevan aihetta, tai kun v\u00e4hint\u00e4\u00e4n 1\/10 yhdistyksen \u00e4\u00e4nioikeutetuista j\u00e4senist\u00e4 sit\u00e4 hallitukselta erityisesti ilmoitettua asiaa varten kirjaimellisesti vaatii. Kokouks on pidett\u00e4v\u00e4 30 p\u00e4iv\u00e4n kuluessa vaatimuksen esitt\u00e4misest\u00e4.<\/p>\n<h3>10. \u00c4\u00c4NIOIKEUS JA EDUSTAMINEN<\/h3>\n<p>\u00c4\u00e4nioikeutettuja yhdistyksen kokouksessa ovat kunniaj\u00e4senet, yhteis\u00f6j\u00e4senet, varsinaiset j\u00e4senet sek\u00e4 18 vuotta t\u00e4ytt\u00e4neet perheenj\u00e4senet. Kullakin l\u00e4sn\u00e4 olevalla \u00e4\u00e4nioikeutetulla on yksi \u00e4\u00e4ni.<\/p>\n<h3>11. VUOSIKOKOUS<\/h3>\n<p>Yhdistyksen vuosikokouksessa k\u00e4sitell\u00e4\u00e4n seuraavat asiat:<\/p>\n<p>&nbsp;<\/p>\n<ul>\n<li>esitet\u00e4\u00e4n tilinp\u00e4\u00e4t\u00f6s, hallituksen toimintakertomus ja toiminnantarkastajien tai tilintarkastajien lausunto<\/li>\n<li>p\u00e4\u00e4tet\u00e4\u00e4n tilinp\u00e4\u00e4t\u00f6ksen vahvistamisesta ja vastuuvapauden my\u00f6nt\u00e4misest\u00e4 hallitukselle ja muille tilivelvollisille<\/li>\n<li>valitaan hallituksen puheenjohtaja (kommodori) tai varapuheenjohtaja (varakommodori)<\/li>\n<li>valitaan hallituksen j\u00e4senet erovuorossa olevien ja eronneiden tilalle<\/li>\n<li>valitaan seuran edustajat j\u00e4rjest\u00f6ihin ja yhteis\u00f6ihin<\/li>\n<li>valitaan jaostojen j\u00e4senet<\/li>\n<li>valitaan kaksi toiminnantarkastajaa tai tilintarkastajaa ja kaksi varahenkil\u00f6\u00e4<\/li>\n<li>p\u00e4\u00e4tet\u00e4\u00e4n seuraavan vuoden liittymis- ja vuosi- ja muista maksuista<\/li>\n<li>vahvistetaan yhdistyksen tulo- ja menoarvio<\/li>\n<li>p\u00e4\u00e4tet\u00e4\u00e4n yhdistyksen toimihenkil\u00f6iden ja toiminnantarkastajien tai tilintarkastajien palkkioista<\/li>\n<li>vahvistetaan yhdistyksen toimintasuunnitelma<\/li>\n<li>k\u00e4sitell\u00e4\u00e4n muut kokouskutsussa mainitut asiat<\/li>\n<\/ul>\n<\/div>\n<\/div>\n<\/div>\n<div class=\"page\" title=\"Page 3\">\n<div class=\"layoutArea\">\n<div class=\"column\">\n<h3>12. J\u00c4SENEN OIKEUS SAADA ASIA VUOSIKOKOUKSEN K\u00c4SITTELYYN<\/h3>\n<p>Mik\u00e4li yhdistyksen j\u00e4sen haluaa saada jonkun asian yhdistyksen vuosikokouksen k\u00e4sitelt\u00e4v\u00e4ksi, on h\u00e4nen siit\u00e4 kirjallisesti ilmoitettava hallitukselle tammikuun loppuun menness\u00e4.<\/p>\n<h3>13. VAALIT JA \u00c4\u00c4NESTYKSET<\/h3>\n<p>Yhdistyksen kokouksessa kaikki vaalit toimitetaan suljetuin \u00e4\u00e4nestyslipuin. Yhdistyksen p\u00e4\u00e4t\u00f6kseksi tulee, ellei n\u00e4iss\u00e4 s\u00e4\u00e4nn\u00f6iss\u00e4 toisin m\u00e4\u00e4r\u00e4t\u00e4\u00a0se mielipide, jota on kannattanut yli puolet \u00e4\u00e4nestyksess\u00e4 annetuista \u00e4\u00e4nist\u00e4. \u00c4\u00e4nten menness\u00e4 tasan, se mielipide jota kokouksen puheenjohtaja ilmoittaa\u00a0kannattavansa, paitsi vaaleissa arpa. S\u00e4\u00e4nt\u00f6jen muuttamista tai yhdistyksen omaisuuden p\u00e4\u00e4osan luovuttamista koskevassa\u00a0asiassa se mielipide, jota on kannattanut v\u00e4hint\u00e4\u00e4 3\u20444 \u00e4\u00e4nestyksess\u00e4 annetuista \u00e4\u00e4nist\u00e4.<\/p>\n<h3>14. ALUSKATSASTUS<\/h3>\n<p>Yhdistyksen j\u00e4senill\u00e4 on oikeus katsastuttaa aluksensa vuosittain. Katsastettu alus merkit\u00e4\u00e4n yhdistyksen veneluetteloon ja sille annetaan venetodistus. Katsastettu alus on oikeutettu edustamaan yhdistyst\u00e4 ja k\u00e4ytt\u00e4m\u00e4\u00e4n Ala-Keiteleen Pursiseura Ry:n lippua.<\/p>\n<h3>15. YHDISTYKSEN PURKAUTUMINEN<\/h3>\n<p>P\u00e4\u00e4t\u00f6s yhdistyksen purkamisesta on teht\u00e4v\u00e4 kahdessa v\u00e4hint\u00e4\u00e4n kahden ja enint\u00e4\u00e4n nelj\u00e4n kuukauden v\u00e4lein pidett\u00e4v\u00e4ss\u00e4 kokouksessa, kummassakin v\u00e4hint\u00e4\u00e4n 4\/5 enemmist\u00f6ll\u00e4 annetuista \u00e4\u00e4nist\u00e4. Yhdistyksen purkautuessa tai jos se lakkautetaan, yhdistyksen viimeinen kokous m\u00e4\u00e4r\u00e4\u00e4 tavan, jolla varat k\u00e4ytet\u00e4\u00e4n yhdistyksen toimintaan l\u00e4heisesti liittyv\u00e4n tarkoituksen edist\u00e4miseen.<\/p>\n<h3>16. SAAVUTETUT J\u00c4SENOIKEUDET S\u00c4ILYV\u00c4T<\/h3>\n<\/div>\n<\/div>\n<\/div>\n","protected":false},"excerpt":{"rendered":"<p>Ala-Keiteleen Pursiseura Ry:n s\u00e4\u00e4nn\u00f6t 1. NIMI JA KOTIPAIKKA Yhdistyksen nimi on Ala-Keiteleen Pursiseura Ry (ep\u00e4virallisena lyhenteen\u00e4 AKPS) ja kotipaikka \u00c4\u00e4nekosken kaupunki. 2. TARKOITUS JA TOIMINTAMUODOT Yhdistys on perustettu 21.9.1979 ja sen tarkoituksena on toimia j\u00e4sentens\u00e4 veneilyn, veneurheilun, vene- ja vesist\u00f6tuntemuksen sek\u00e4 vesill\u00e4 liikkumisen tietojen ja taitojen kehitt\u00e4miseksi ja edist\u00e4miseksi. Kehitt\u00e4\u00e4 veneilyturvallisuutta sek\u00e4 edist\u00e4\u00e4 vesist\u00f6jen suojelua. &#8230; <a title=\"Seuran s\u00e4\u00e4nn\u00f6t\" class=\"read-more\" href=\"https:\/\/alakeiteleenpursiseura.fi\/akps_wp\/seuran-saannot\/\" aria-label=\"Lue lis\u00e4\u00e4 aiheesta Seuran s\u00e4\u00e4nn\u00f6t\">Lue lis\u00e4\u00e4<\/a><\/p>\n","protected":false},"author":1,"featured_media":0,"parent":0,"menu_order":0,"comment_status":"closed","ping_status":"closed","template":"","meta":{"footnotes":""},"class_list":["post-203","page","type-page","status-publish"],"_links":{"self":[{"href":"https:\/\/alakeiteleenpursiseura.fi\/akps_wp\/wp-json\/wp\/v2\/pages\/203","targetHints":{"allow":["GET"]}}],"collection":[{"href":"https:\/\/alakeiteleenpursiseura.fi\/akps_wp\/wp-json\/wp\/v2\/pages"}],"about":[{"href":"https:\/\/alakeiteleenpursiseura.fi\/akps_wp\/wp-json\/wp\/v2\/types\/page"}],"author":[{"embeddable":true,"href":"https:\/\/alakeiteleenpursiseura.fi\/akps_wp\/wp-json\/wp\/v2\/users\/1"}],"replies":[{"embeddable":true,"href":"https:\/\/alakeiteleenpursiseura.fi\/akps_wp\/wp-json\/wp\/v2\/comments?post=203"}],"version-history":[{"count":2,"href":"https:\/\/alakeiteleenpursiseura.fi\/akps_wp\/wp-json\/wp\/v2\/pages\/203\/revisions"}],"predecessor-version":[{"id":1569,"href":"https:\/\/alakeiteleenpursiseura.fi\/akps_wp\/wp-json\/wp\/v2\/pages\/203\/revisions\/1569"}],"wp:attachment":[{"href":"https:\/\/alakeiteleenpursiseura.fi\/akps_wp\/wp-json\/wp\/v2\/media?parent=203"}],"curies":[{"name":"wp","href":"https:\/\/api.w.org\/{rel}","templated":true}]}}