{"id":235,"date":"2017-11-11T21:24:19","date_gmt":"2017-11-11T21:24:19","guid":{"rendered":"https:\/\/lumbardo.wordpress.com\/?page_id=235"},"modified":"2026-03-15T10:44:42","modified_gmt":"2026-03-15T08:44:42","slug":"vuoden-kipparit","status":"publish","type":"page","link":"https:\/\/alakeiteleenpursiseura.fi\/akps_wp\/vuoden-kipparit\/","title":{"rendered":"Vuoden Kipparit"},"content":{"rendered":"<p><strong>2025 Marko ja Perhe Karttunen<\/strong><\/p>\n<p>2024 Aki ja Hillevi Rantanen<\/p>\n<p>2023 Petteri ja Laura Laahanen<\/p>\n<p>2022 Jouko M\u00e4enp\u00e4\u00e4 ja Lea Vinni<\/p>\n<p>2021 Harri ja Maija Liukkonen<\/p>\n<p>2020 Jani Lumiaro<\/p>\n<p>2019 Pertti S\u00e4rkk\u00e4<\/p>\n<p>2018 \u00a0Kuorelahti Timo ja P\u00e4ivi<\/p>\n<p>2017 \u00a0Lehmonen Markus<\/p>\n<p>2016 \u00a0Raatikainen Risto ja Hanni<\/p>\n<p>2015\u00a0\u00a0 Sivula Kauko<\/p>\n<p>2014\u00a0\u00a0 Hakkarainen Markus ja Taija<\/p>\n<p>2013\u00a0\u00a0 Kirves Reijo<\/p>\n<p>2012\u00a0\u00a0 Kumpulainen Leila ja Pentti<\/p>\n<p>2011\u00a0\u00a0 Laukkanen Riitta<\/p>\n<p>2010\u00a0\u00a0 Kupari Raimo ja Sepp\u00e4l\u00e4-Kupari Helena<\/p>\n<p>2009\u00a0\u00a0 Kareaho Pekka<\/p>\n<p>2008\u00a0\u00a0 Varteva Juha ja Eija<\/p>\n<p>2007\u00a0\u00a0 Parviainen Marko ja Marja<\/p>\n<p>2006\u00a0\u00a0 Kunnari Alpo ja Pirjo<\/p>\n<p>2005\u00a0\u00a0 Koskinen Matti ja Eila<\/p>\n<p>2004\u00a0\u00a0 Rinne Olli ja Maija<\/p>\n<p>2003\u00a0\u00a0 Kivim\u00e4ki Eero ja miehist\u00f6<\/p>\n<p>2002\u00a0\u00a0 Tammelin Kauko ja Tuovinen Annikki<\/p>\n<p>2001\u00a0\u00a0 H\u00e4nninen Jorma ja Arja<\/p>\n<p>2000\u00a0\u00a0 Koivunen Pertti<\/p>\n<p>1999\u00a0\u00a0 Kareaho Tuija<\/p>\n<p>1998\u00a0\u00a0 Pekonen Kari<\/p>\n<p>1997\u00a0\u00a0 Ojanen Pekka<\/p>\n<p>1996\u00a0\u00a0 M\u00e4kinen Heikki ja Leena, Pulkkanen Jouko<\/p>\n<p>1995\u00a0\u00a0 Niemitalo Eero<\/p>\n<p>1994\u00a0\u00a0 Leinonen Urpo<\/p>\n<p>1993\u00a0\u00a0 Puranen Pauli<\/p>\n<p>1992\u00a0\u00a0 Haverinen Lasse<\/p>\n<p>1991\u00a0\u00a0 Niskanen Timo<\/p>\n<p>1990\u00a0\u00a0 Virtanen Pertti<\/p>\n<p>1989\u00a0\u00a0 Sironen Raimo<\/p>\n<p>1988\u00a0\u00a0 Borovkoff Marjatta<\/p>\n<p>1987\u00a0\u00a0 Huovelin Jouko<\/p>\n<p>1986\u00a0\u00a0 Sipponen Kalevi<\/p>\n<p>1985\u00a0\u00a0 P\u00f6lkki Antero<\/p>\n<p>1984\u00a0\u00a0 Hyv\u00f6nen Antti, Vuokko, Hannu ja Pasi<\/p>\n<p>1983\u00a0\u00a0 Vainionp\u00e4\u00e4 Heikki<\/p>\n<p>1982\u00a0\u00a0 Holopainen Esko<\/p>\n<p>1981\u00a0\u00a0 Suomalainen Arvo<\/p>\n\n\n<p><\/p>\n","protected":false},"excerpt":{"rendered":"<p>2025 Marko ja Perhe Karttunen 2024 Aki ja Hillevi Rantanen 2023 Petteri ja Laura Laahanen 2022 Jouko M\u00e4enp\u00e4\u00e4 ja Lea Vinni 2021 Harri ja Maija Liukkonen 2020 Jani Lumiaro 2019 Pertti S\u00e4rkk\u00e4 2018 \u00a0Kuorelahti Timo ja P\u00e4ivi 2017 \u00a0Lehmonen Markus 2016 \u00a0Raatikainen Risto ja Hanni 2015\u00a0\u00a0 Sivula Kauko 2014\u00a0\u00a0 Hakkarainen Markus ja Taija 2013\u00a0\u00a0 Kirves &#8230; <a title=\"Vuoden Kipparit\" class=\"read-more\" href=\"https:\/\/alakeiteleenpursiseura.fi\/akps_wp\/vuoden-kipparit\/\" aria-label=\"Lue lis\u00e4\u00e4 aiheesta Vuoden Kipparit\">Lue lis\u00e4\u00e4<\/a><\/p>\n","protected":false},"author":1,"featured_media":0,"parent":0,"menu_order":0,"comment_status":"closed","ping_status":"closed","template":"","meta":{"footnotes":""},"class_list":["post-235","page","type-page","status-publish"],"_links":{"self":[{"href":"https:\/\/alakeiteleenpursiseura.fi\/akps_wp\/wp-json\/wp\/v2\/pages\/235","targetHints":{"allow":["GET"]}}],"collection":[{"href":"https:\/\/alakeiteleenpursiseura.fi\/akps_wp\/wp-json\/wp\/v2\/pages"}],"about":[{"href":"https:\/\/alakeiteleenpursiseura.fi\/akps_wp\/wp-json\/wp\/v2\/types\/page"}],"author":[{"embeddable":true,"href":"https:\/\/alakeiteleenpursiseura.fi\/akps_wp\/wp-json\/wp\/v2\/users\/1"}],"replies":[{"embeddable":true,"href":"https:\/\/alakeiteleenpursiseura.fi\/akps_wp\/wp-json\/wp\/v2\/comments?post=235"}],"version-history":[{"count":14,"href":"https:\/\/alakeiteleenpursiseura.fi\/akps_wp\/wp-json\/wp\/v2\/pages\/235\/revisions"}],"predecessor-version":[{"id":1582,"href":"https:\/\/alakeiteleenpursiseura.fi\/akps_wp\/wp-json\/wp\/v2\/pages\/235\/revisions\/1582"}],"wp:attachment":[{"href":"https:\/\/alakeiteleenpursiseura.fi\/akps_wp\/wp-json\/wp\/v2\/media?parent=235"}],"curies":[{"name":"wp","href":"https:\/\/api.w.org\/{rel}","templated":true}]}}