{"id":7,"date":"2017-11-11T16:00:54","date_gmt":"2017-11-11T16:00:54","guid":{"rendered":"https:\/\/lumbardo.wordpress.com\/?page_id=2"},"modified":"2026-03-15T10:46:25","modified_gmt":"2026-03-15T08:46:25","slug":"about","status":"publish","type":"page","link":"https:\/\/alakeiteleenpursiseura.fi\/akps_wp\/about\/","title":{"rendered":"AKPS Hallitus ja toimihenkil\u00f6t"},"content":{"rendered":"<p><strong>Kommodori\u00a0<\/strong>Petteri Laahanen<\/p>\n<p><strong>Varakommodori<\/strong>\u00a0Tommi S\u00e4rkk\u00e4<\/p>\n<p><strong>Sihteeri<\/strong>\u00a0<strong> ja j\u00e4senrekisterin hoitaja<\/strong> Jani Lumiaro<\/p>\n<p><strong>Taloudenhoitaja<\/strong> Hillevi Rantanen<\/p>\n<p><strong>Hallituksen j\u00e4senet:<\/strong><\/p>\n<p>Hillevi Rantanen<\/p>\n<p>Aki Rantanen<\/p>\n<p>Johannes Nikkanen<\/p>\n<p>Marko Karttunen<\/p>\n<p>Jouko M\u00e4enp\u00e4\u00e4<\/p>\n<p>Jani Lumiaro<\/p>\n","protected":false},"excerpt":{"rendered":"<p>Kommodori\u00a0Petteri Laahanen Varakommodori\u00a0Tommi S\u00e4rkk\u00e4 Sihteeri\u00a0 ja j\u00e4senrekisterin hoitaja Jani Lumiaro Taloudenhoitaja Hillevi Rantanen Hallituksen j\u00e4senet: Hillevi Rantanen Aki Rantanen Johannes Nikkanen Marko Karttunen Jouko M\u00e4enp\u00e4\u00e4 Jani Lumiaro<\/p>\n","protected":false},"author":1,"featured_media":0,"parent":0,"menu_order":2,"comment_status":"closed","ping_status":"closed","template":"","meta":{"footnotes":""},"class_list":["post-7","page","type-page","status-publish"],"_links":{"self":[{"href":"https:\/\/alakeiteleenpursiseura.fi\/akps_wp\/wp-json\/wp\/v2\/pages\/7","targetHints":{"allow":["GET"]}}],"collection":[{"href":"https:\/\/alakeiteleenpursiseura.fi\/akps_wp\/wp-json\/wp\/v2\/pages"}],"about":[{"href":"https:\/\/alakeiteleenpursiseura.fi\/akps_wp\/wp-json\/wp\/v2\/types\/page"}],"author":[{"embeddable":true,"href":"https:\/\/alakeiteleenpursiseura.fi\/akps_wp\/wp-json\/wp\/v2\/users\/1"}],"replies":[{"embeddable":true,"href":"https:\/\/alakeiteleenpursiseura.fi\/akps_wp\/wp-json\/wp\/v2\/comments?post=7"}],"version-history":[{"count":13,"href":"https:\/\/alakeiteleenpursiseura.fi\/akps_wp\/wp-json\/wp\/v2\/pages\/7\/revisions"}],"predecessor-version":[{"id":1583,"href":"https:\/\/alakeiteleenpursiseura.fi\/akps_wp\/wp-json\/wp\/v2\/pages\/7\/revisions\/1583"}],"wp:attachment":[{"href":"https:\/\/alakeiteleenpursiseura.fi\/akps_wp\/wp-json\/wp\/v2\/media?parent=7"}],"curies":[{"name":"wp","href":"https:\/\/api.w.org\/{rel}","templated":true}]}}