{"id":8,"date":"2017-11-11T16:00:53","date_gmt":"2017-11-11T16:00:53","guid":{"rendered":"https:\/\/lumbardo.wordpress.com\/?page_id=3"},"modified":"2018-05-09T23:02:01","modified_gmt":"2018-05-09T20:02:01","slug":"contact","status":"publish","type":"page","link":"https:\/\/alakeiteleenpursiseura.fi\/akps_wp\/contact\/","title":{"rendered":"Liity j\u00e4seneksi"},"content":{"rendered":"<p>Lue rekisteriseloste <a href=\"https:\/\/alakeiteleenpursiseura.fi\/akps_wp\/rekisteriseloste\/\">t\u00e4st\u00e4<\/a><\/p>\n<div class=\"wpforms-container wpforms-container-full\" id=\"wpforms-266\"><form id=\"wpforms-form-266\" class=\"wpforms-validate wpforms-form\" data-formid=\"266\" method=\"post\" enctype=\"multipart\/form-data\" action=\"\/akps_wp\/wp-json\/wp\/v2\/pages\/8\" data-token=\"6652c54c7f1b3e51e577581a8b6e9a47\" data-token-time=\"1777568733\"><noscript class=\"wpforms-error-noscript\">Please enable JavaScript in your browser to complete this form.<\/noscript><div class=\"wpforms-field-container\"><div id=\"wpforms-266-field_1-container\" class=\"wpforms-field wpforms-field-text\" data-field-id=\"1\"><label class=\"wpforms-field-label\" for=\"wpforms-266-field_1\">Nimi <span class=\"wpforms-required-label\">*<\/span><\/label><input type=\"text\" id=\"wpforms-266-field_1\" class=\"wpforms-field-medium wpforms-field-required\" name=\"wpforms[fields][1]\" required><\/div><div id=\"wpforms-266-field_2-container\" class=\"wpforms-field wpforms-field-text\" data-field-id=\"2\"><label class=\"wpforms-field-label\" for=\"wpforms-266-field_2\">Syntym\u00e4aika <span class=\"wpforms-required-label\">*<\/span><\/label><input type=\"text\" id=\"wpforms-266-field_2\" class=\"wpforms-field-medium wpforms-field-required\" name=\"wpforms[fields][2]\" required><\/div><div id=\"wpforms-266-field_3-container\" class=\"wpforms-field wpforms-field-text\" data-field-id=\"3\"><label class=\"wpforms-field-label\" for=\"wpforms-266-field_3\">L\u00e4hiosoite <span class=\"wpforms-required-label\">*<\/span><\/label><input type=\"text\" id=\"wpforms-266-field_3\" class=\"wpforms-field-medium wpforms-field-required\" name=\"wpforms[fields][3]\" required><\/div><div id=\"wpforms-266-field_4-container\" class=\"wpforms-field wpforms-field-text\" data-field-id=\"4\"><label class=\"wpforms-field-label\" for=\"wpforms-266-field_4\">Postinumero <span class=\"wpforms-required-label\">*<\/span><\/label><input type=\"text\" id=\"wpforms-266-field_4\" class=\"wpforms-field-medium wpforms-field-required\" name=\"wpforms[fields][4]\" required><\/div><div id=\"wpforms-266-field_5-container\" class=\"wpforms-field wpforms-field-text\" data-field-id=\"5\"><label class=\"wpforms-field-label\" for=\"wpforms-266-field_5\">Postitoimipaikka <span class=\"wpforms-required-label\">*<\/span><\/label><input type=\"text\" id=\"wpforms-266-field_5\" class=\"wpforms-field-medium wpforms-field-required\" name=\"wpforms[fields][5]\" required><\/div><div id=\"wpforms-266-field_6-container\" class=\"wpforms-field wpforms-field-text\" data-field-id=\"6\"><label class=\"wpforms-field-label\" for=\"wpforms-266-field_6\">Puhelinnumero <span class=\"wpforms-required-label\">*<\/span><\/label><input type=\"text\" id=\"wpforms-266-field_6\" class=\"wpforms-field-medium wpforms-field-required\" name=\"wpforms[fields][6]\" required><\/div><div id=\"wpforms-266-field_8-container\" class=\"wpforms-field wpforms-field-email\" data-field-id=\"8\"><label class=\"wpforms-field-label\">S\u00e4hk\u00f6posti <span class=\"wpforms-required-label\">*<\/span><\/label><div class=\"wpforms-field-row wpforms-field-medium\"><div class=\"wpforms-field-row-block wpforms-one-half wpforms-first\"><input type=\"email\" id=\"wpforms-266-field_8\" class=\"wpforms-field-required wpforms-field-email-primary\" name=\"wpforms[fields][8][primary]\" spellcheck=\"false\" required><label for=\"wpforms-266-field_8\" class=\"wpforms-field-sublabel after\">Email<\/label><\/div><div class=\"wpforms-field-row-block wpforms-one-half\"><input type=\"email\" id=\"wpforms-266-field_8-secondary\" class=\"wpforms-field-email-secondary wpforms-field-required\" data-rule-confirm=\"#wpforms-266-field_8\" name=\"wpforms[fields][8][secondary]\" spellcheck=\"false\" required><label for=\"wpforms-266-field_8-secondary\" class=\"wpforms-field-sublabel after\">Confirm Email<\/label><\/div><\/div><\/div><div id=\"wpforms-266-field_9-container\" class=\"wpforms-field wpforms-field-textarea\" data-field-id=\"9\"><label class=\"wpforms-field-label\" for=\"wpforms-266-field_9\">Seuraan liittyv\u00e4t perheenj\u00e4senet (nimi ja syntym\u00e4aika DDMMYYYY))<\/label><textarea id=\"wpforms-266-field_9\" class=\"wpforms-field-medium\" name=\"wpforms[fields][9]\" ><\/textarea><\/div><div id=\"wpforms-266-field_10-container\" class=\"wpforms-field wpforms-field-checkbox\" data-field-id=\"10\"><label class=\"wpforms-field-label\">Veneen malli <span class=\"wpforms-required-label\">*<\/span><\/label><ul id=\"wpforms-266-field_10\" class=\"wpforms-field-required\"><li class=\"choice-1 depth-1\"><input type=\"checkbox\" id=\"wpforms-266-field_10_1\" name=\"wpforms[fields][10][]\" value=\"Moottorialus\" required ><label class=\"wpforms-field-label-inline\" for=\"wpforms-266-field_10_1\">Moottorialus<\/label><\/li><li class=\"choice-2 depth-1\"><input type=\"checkbox\" id=\"wpforms-266-field_10_2\" name=\"wpforms[fields][10][]\" value=\"Purjealus\" required ><label class=\"wpforms-field-label-inline\" for=\"wpforms-266-field_10_2\">Purjealus<\/label><\/li><li class=\"choice-4 depth-1\"><input type=\"checkbox\" id=\"wpforms-266-field_10_4\" name=\"wpforms[fields][10][]\" value=\"Ei alusta\" required ><label class=\"wpforms-field-label-inline\" for=\"wpforms-266-field_10_4\">Ei alusta<\/label><\/li><\/ul><\/div><div id=\"wpforms-266-field_11-container\" class=\"wpforms-field wpforms-field-text\" data-field-id=\"11\"><label class=\"wpforms-field-label\" for=\"wpforms-266-field_11\">Veneen nimi<\/label><input type=\"text\" id=\"wpforms-266-field_11\" class=\"wpforms-field-medium\" name=\"wpforms[fields][11]\" ><\/div><div id=\"wpforms-266-field_12-container\" class=\"wpforms-field wpforms-field-text\" data-field-id=\"12\"><label class=\"wpforms-field-label\" for=\"wpforms-266-field_12\">Veneen rekisterinumero<\/label><input type=\"text\" id=\"wpforms-266-field_12\" class=\"wpforms-field-medium\" name=\"wpforms[fields][12]\" ><\/div><div id=\"wpforms-266-field_13-container\" class=\"wpforms-field wpforms-field-text\" data-field-id=\"13\"><label class=\"wpforms-field-label\" for=\"wpforms-266-field_13\">Veneen v\u00e4ri<\/label><input type=\"text\" id=\"wpforms-266-field_13\" class=\"wpforms-field-medium\" name=\"wpforms[fields][13]\" ><\/div><div id=\"wpforms-266-field_16-container\" class=\"wpforms-field wpforms-field-checkbox\" data-field-id=\"16\"><label class=\"wpforms-field-label\">Haluan lunastaa pursiseuran majojen avaimen <span class=\"wpforms-required-label\">*<\/span><\/label><ul id=\"wpforms-266-field_16\" class=\"wpforms-field-required\"><li class=\"choice-1 depth-1\"><input type=\"checkbox\" id=\"wpforms-266-field_16_1\" name=\"wpforms[fields][16][]\" value=\"Kyll\u00e4\" required ><label class=\"wpforms-field-label-inline\" for=\"wpforms-266-field_16_1\">Kyll\u00e4<\/label><\/li><li class=\"choice-2 depth-1\"><input type=\"checkbox\" id=\"wpforms-266-field_16_2\" name=\"wpforms[fields][16][]\" value=\"En\" required ><label class=\"wpforms-field-label-inline\" for=\"wpforms-266-field_16_2\">En<\/label><\/li><\/ul><\/div><div id=\"wpforms-266-field_17-container\" class=\"wpforms-field wpforms-field-checkbox\" data-field-id=\"17\"><label class=\"wpforms-field-label\">Minulle saa l\u00e4hett\u00e4\u00e4 puhelimitse infoa seuran talkoista <span class=\"wpforms-required-label\">*<\/span><\/label><ul id=\"wpforms-266-field_17\" class=\"wpforms-field-required\"><li class=\"choice-1 depth-1\"><input type=\"checkbox\" id=\"wpforms-266-field_17_1\" name=\"wpforms[fields][17][]\" value=\"Kyll\u00e4\" required ><label class=\"wpforms-field-label-inline\" for=\"wpforms-266-field_17_1\">Kyll\u00e4<\/label><\/li><li class=\"choice-2 depth-1\"><input type=\"checkbox\" id=\"wpforms-266-field_17_2\" name=\"wpforms[fields][17][]\" value=\"Ei\" required ><label class=\"wpforms-field-label-inline\" for=\"wpforms-266-field_17_2\">Ei<\/label><\/li><\/ul><\/div><div id=\"wpforms-266-field_19-container\" class=\"wpforms-field wpforms-field-checkbox\" data-field-id=\"19\"><label class=\"wpforms-field-label\">Olen lukenut rekisteriselosteen ja hyv\u00e4ksyn, ett\u00e4 tietojani tallennetaan sen mukaisesti. <span class=\"wpforms-required-label\">*<\/span><\/label><ul id=\"wpforms-266-field_19\" class=\"wpforms-field-required\"><li class=\"choice-1 depth-1\"><input type=\"checkbox\" id=\"wpforms-266-field_19_1\" name=\"wpforms[fields][19][]\" value=\"Kyll\u00e4\" required ><label class=\"wpforms-field-label-inline\" for=\"wpforms-266-field_19_1\">Kyll\u00e4<\/label><\/li><\/ul><\/div><div id=\"wpforms-266-field_18-container\" class=\"wpforms-field wpforms-field-text\" data-field-id=\"18\"><label class=\"wpforms-field-label\" for=\"wpforms-266-field_18\">Paikka ja aika <span class=\"wpforms-required-label\">*<\/span><\/label><input type=\"text\" id=\"wpforms-266-field_18\" class=\"wpforms-field-medium wpforms-field-required\" name=\"wpforms[fields][18]\" required><\/div><\/div><!-- .wpforms-field-container --><div class=\"wpforms-field wpforms-field-hp\"><label for=\"wpforms-266-field-hp\" class=\"wpforms-field-label\">Email<\/label><input type=\"text\" name=\"wpforms[hp]\" id=\"wpforms-266-field-hp\" class=\"wpforms-field-medium\"><\/div><div class=\"wpforms-recaptcha-container wpforms-is-hcaptcha\" ><div class=\"h-captcha\" data-sitekey=\"1e95439f-15ca-43f6-8bb7-3fbd45951c6e\"><\/div><input type=\"text\" name=\"g-recaptcha-hidden\" class=\"wpforms-recaptcha-hidden\" style=\"position:absolute!important;clip:rect(0,0,0,0)!important;height:1px!important;width:1px!important;border:0!important;overflow:hidden!important;padding:0!important;margin:0!important;\" data-rule-hcaptcha=\"1\"><\/div><div class=\"wpforms-submit-container\" ><input type=\"hidden\" name=\"wpforms[id]\" value=\"266\"><input type=\"hidden\" name=\"page_title\" value=\"\"><input type=\"hidden\" name=\"page_url\" value=\"https:\/\/alakeiteleenpursiseura.fi\/akps_wp\/wp-json\/wp\/v2\/pages\/8\"><input type=\"hidden\" name=\"url_referer\" value=\"\"><button type=\"submit\" name=\"wpforms[submit]\" id=\"wpforms-submit-266\" class=\"wpforms-submit\" data-alt-text=\"L\u00e4hetet\u00e4\u00e4n...\" data-submit-text=\"L\u00e4het\u00e4\" aria-live=\"assertive\" value=\"wpforms-submit\">L\u00e4het\u00e4<\/button><\/div><\/form><\/div>  <!-- .wpforms-container -->\n<p>Lue rekisteriseloste <a href=\"https:\/\/alakeiteleenpursiseura.fi\/akps_wp\/rekisteriseloste\/\">t\u00e4st\u00e4<\/a><\/p>\n","protected":false},"excerpt":{"rendered":"<p>Lue rekisteriseloste t\u00e4st\u00e4 Lue rekisteriseloste t\u00e4st\u00e4<\/p>\n","protected":false},"author":1,"featured_media":39,"parent":0,"menu_order":3,"comment_status":"closed","ping_status":"closed","template":"","meta":{"footnotes":""},"class_list":["post-8","page","type-page","status-publish","has-post-thumbnail"],"_links":{"self":[{"href":"https:\/\/alakeiteleenpursiseura.fi\/akps_wp\/wp-json\/wp\/v2\/pages\/8","targetHints":{"allow":["GET"]}}],"collection":[{"href":"https:\/\/alakeiteleenpursiseura.fi\/akps_wp\/wp-json\/wp\/v2\/pages"}],"about":[{"href":"https:\/\/alakeiteleenpursiseura.fi\/akps_wp\/wp-json\/wp\/v2\/types\/page"}],"author":[{"embeddable":true,"href":"https:\/\/alakeiteleenpursiseura.fi\/akps_wp\/wp-json\/wp\/v2\/users\/1"}],"replies":[{"embeddable":true,"href":"https:\/\/alakeiteleenpursiseura.fi\/akps_wp\/wp-json\/wp\/v2\/comments?post=8"}],"version-history":[{"count":3,"href":"https:\/\/alakeiteleenpursiseura.fi\/akps_wp\/wp-json\/wp\/v2\/pages\/8\/revisions"}],"predecessor-version":[{"id":476,"href":"https:\/\/alakeiteleenpursiseura.fi\/akps_wp\/wp-json\/wp\/v2\/pages\/8\/revisions\/476"}],"wp:featuredmedia":[{"embeddable":true,"href":"https:\/\/alakeiteleenpursiseura.fi\/akps_wp\/wp-json\/wp\/v2\/media\/39"}],"wp:attachment":[{"href":"https:\/\/alakeiteleenpursiseura.fi\/akps_wp\/wp-json\/wp\/v2\/media?parent=8"}],"curies":[{"name":"wp","href":"https:\/\/api.w.org\/{rel}","templated":true}]}}